{"id":658,"date":"2023-02-12T21:03:35","date_gmt":"2023-02-12T21:03:35","guid":{"rendered":"http:\/\/senzaconfinitrieste.org\/?page_id=658"},"modified":"2025-10-29T10:16:29","modified_gmt":"2025-10-29T10:16:29","slug":"dicono-di-noi","status":"publish","type":"page","link":"https:\/\/senzaconfinitrieste.org\/index.php\/dicono-di-noi\/","title":{"rendered":"Dicono di noi"},"content":{"rendered":"\n<p><strong>Agricoltura sostenibile in Palestina: il commercio giusto forma di resistenza attiva e non violenta<\/strong> luned\u00ec 20\/10\/2025<\/p>\n\n\n\n<p>Con Mohammed Hmidat &#8211; Direttore esecutivo di Al Reef for Investment and Agricultural Marketing (PARC &#8211; Palestinian Agricultural Relief Committee)<br>Introduce: Beatrice De Blasi &#8211; Portavoce di Fondazione Altromercato<\/p>\n\n\n\n<figure class=\"wp-block-image size-large\"><img loading=\"lazy\" decoding=\"async\" width=\"1024\" height=\"819\" src=\"https:\/\/senzaconfinitrieste.org\/wp-content\/uploads\/2025\/10\/mohammed-1-1024x819.png\" alt=\"\" class=\"wp-image-950\" srcset=\"https:\/\/senzaconfinitrieste.org\/wp-content\/uploads\/2025\/10\/mohammed-1-1024x819.png 1024w, https:\/\/senzaconfinitrieste.org\/wp-content\/uploads\/2025\/10\/mohammed-1-300x240.png 300w, https:\/\/senzaconfinitrieste.org\/wp-content\/uploads\/2025\/10\/mohammed-1-768x614.png 768w, https:\/\/senzaconfinitrieste.org\/wp-content\/uploads\/2025\/10\/mohammed-1-1536x1229.png 1536w, https:\/\/senzaconfinitrieste.org\/wp-content\/uploads\/2025\/10\/mohammed-1-1100x880.png 1100w, https:\/\/senzaconfinitrieste.org\/wp-content\/uploads\/2025\/10\/mohammed-1.png 2000w\" sizes=\"auto, (max-width: 1024px) 100vw, 1024px\" \/><\/figure>\n\n\n\n<p><strong>Un&#8217;Altra memoria, di e con Lorenzo Guadagnucci <\/strong><\/p>\n\n\n\n<p>Trieste 11\/09\/2025<\/p>\n\n\n\n<figure class=\"wp-block-image size-large\"><img loading=\"lazy\" decoding=\"async\" width=\"1024\" height=\"819\" src=\"https:\/\/senzaconfinitrieste.org\/wp-content\/uploads\/2025\/10\/Progetto-senza-titolo-2-1024x819.png\" alt=\"\" class=\"wp-image-947\" srcset=\"https:\/\/senzaconfinitrieste.org\/wp-content\/uploads\/2025\/10\/Progetto-senza-titolo-2-1024x819.png 1024w, https:\/\/senzaconfinitrieste.org\/wp-content\/uploads\/2025\/10\/Progetto-senza-titolo-2-300x240.png 300w, https:\/\/senzaconfinitrieste.org\/wp-content\/uploads\/2025\/10\/Progetto-senza-titolo-2-768x614.png 768w, https:\/\/senzaconfinitrieste.org\/wp-content\/uploads\/2025\/10\/Progetto-senza-titolo-2-1536x1229.png 1536w, https:\/\/senzaconfinitrieste.org\/wp-content\/uploads\/2025\/10\/Progetto-senza-titolo-2-1100x880.png 1100w, https:\/\/senzaconfinitrieste.org\/wp-content\/uploads\/2025\/10\/Progetto-senza-titolo-2.png 2000w\" sizes=\"auto, (max-width: 1024px) 100vw, 1024px\" \/><\/figure>\n\n\n\n<p><\/p>\n\n\n\n<p>Primorski 8 ottobre 2024<\/p>\n\n\n\n<figure class=\"wp-block-image size-large\"><img loading=\"lazy\" decoding=\"async\" width=\"1024\" height=\"724\" src=\"https:\/\/senzaconfinitrieste.org\/wp-content\/uploads\/2024\/11\/20241008115803-2_page-0002-1-1024x724.jpg\" alt=\"\" class=\"wp-image-879\" srcset=\"https:\/\/senzaconfinitrieste.org\/wp-content\/uploads\/2024\/11\/20241008115803-2_page-0002-1-1024x724.jpg 1024w, https:\/\/senzaconfinitrieste.org\/wp-content\/uploads\/2024\/11\/20241008115803-2_page-0002-1-300x212.jpg 300w, https:\/\/senzaconfinitrieste.org\/wp-content\/uploads\/2024\/11\/20241008115803-2_page-0002-1-768x543.jpg 768w, https:\/\/senzaconfinitrieste.org\/wp-content\/uploads\/2024\/11\/20241008115803-2_page-0002-1-1536x1086.jpg 1536w, https:\/\/senzaconfinitrieste.org\/wp-content\/uploads\/2024\/11\/20241008115803-2_page-0002-1-2048x1448.jpg 2048w, https:\/\/senzaconfinitrieste.org\/wp-content\/uploads\/2024\/11\/20241008115803-2_page-0002-1-1100x778.jpg 1100w\" sizes=\"auto, (max-width: 1024px) 100vw, 1024px\" \/><\/figure>\n\n\n\n<p>In mare: le tavole di Cutro raccontano.<\/p>\n\n\n\n<p>Il Piccolo 1 ottobre 2024<\/p>\n\n\n\n<p><\/p>\n\n\n\n<figure class=\"wp-block-image size-large\"><img loading=\"lazy\" decoding=\"async\" width=\"608\" height=\"1024\" src=\"https:\/\/senzaconfinitrieste.org\/wp-content\/uploads\/2024\/11\/articolo-cutro-1-608x1024.jpg\" alt=\"\" class=\"wp-image-877\" srcset=\"https:\/\/senzaconfinitrieste.org\/wp-content\/uploads\/2024\/11\/articolo-cutro-1-608x1024.jpg 608w, https:\/\/senzaconfinitrieste.org\/wp-content\/uploads\/2024\/11\/articolo-cutro-1-178x300.jpg 178w, https:\/\/senzaconfinitrieste.org\/wp-content\/uploads\/2024\/11\/articolo-cutro-1-768x1293.jpg 768w, https:\/\/senzaconfinitrieste.org\/wp-content\/uploads\/2024\/11\/articolo-cutro-1.jpg 861w\" sizes=\"auto, (max-width: 608px) 100vw, 608px\" \/><\/figure>\n\n\n\n<p><strong>La Bottega del Mondo festeggia 30 anni di attivit\u00e0 solidale.<br>Il locale di via Torrebianca si apre alla citt\u00e0, tra letture senza confini, dj set e confronti<\/strong><\/p>\n\n\n\n<p>il Piccolo del 17\/09\/2023<\/p>\n\n\n\n<figure class=\"wp-block-gallery has-nested-images columns-default is-cropped wp-block-gallery-1 is-layout-flex wp-block-gallery-is-layout-flex\">\n<figure class=\"wp-block-image size-large\"><img loading=\"lazy\" decoding=\"async\" width=\"768\" height=\"1024\" data-id=\"795\" src=\"https:\/\/senzaconfinitrieste.org\/wp-content\/uploads\/2023\/09\/il-piccolo-17-settembre.jpeg\" alt=\"\" class=\"wp-image-795\" srcset=\"https:\/\/senzaconfinitrieste.org\/wp-content\/uploads\/2023\/09\/il-piccolo-17-settembre.jpeg 768w, https:\/\/senzaconfinitrieste.org\/wp-content\/uploads\/2023\/09\/il-piccolo-17-settembre-225x300.jpeg 225w\" sizes=\"auto, (max-width: 768px) 100vw, 768px\" \/><\/figure>\n<\/figure>\n\n\n\n<p><strong>Senza Confini Brez Meja, 30 anni di buone pratiche legate commercio equo solidale<\/strong><\/p>\n\n\n\n<figure class=\"wp-block-image size-full\"><img loading=\"lazy\" decoding=\"async\" width=\"1024\" height=\"576\" src=\"https:\/\/senzaconfinitrieste.org\/wp-content\/uploads\/2023\/09\/radio-Capodistria.png\" alt=\"\" class=\"wp-image-793\" srcset=\"https:\/\/senzaconfinitrieste.org\/wp-content\/uploads\/2023\/09\/radio-Capodistria.png 1024w, https:\/\/senzaconfinitrieste.org\/wp-content\/uploads\/2023\/09\/radio-Capodistria-300x169.png 300w, https:\/\/senzaconfinitrieste.org\/wp-content\/uploads\/2023\/09\/radio-Capodistria-768x432.png 768w\" sizes=\"auto, (max-width: 1024px) 100vw, 1024px\" \/><\/figure>\n\n\n\n<p>La Bottega del Mondo Senza Confini Brez Meja di Trieste compie 30 anni e organizza una festa per raccontare la bellezza e il valore dell&#8217;economia equosolidale. &#8216;Tra letture, musica e momenti di confronto troveranno spazio anche ricordi e testimonianze di chi, nel tempo, ha donato tempo, energie e passione al progetto&#8217; ha raccontato ai nostri microfoni Anna Andriani, presidente dell&#8217;associazione Senza Confini Brez Meja.<\/p>\n\n\n\n<p><a rel=\"noreferrer noopener\" href=\"https:\/\/365.rtvslo.si\/oddaja\/calle-degli-orti-grandi\/173250859\" target=\"_blank\">Calle degli orti grandi<\/a> 15.9.2023&nbsp;\u2022&nbsp;10 min <\/p>\n\n\n\n<p><a href=\"https:\/\/www.rtvslo.si\/rtv365\/arhiv\/174986744?s=radio_ita&amp;t=6\">https:\/\/www.rtvslo.si\/rtv365\/arhiv\/174986744?s=radio_ita&amp;t=6<\/a><\/p>\n\n\n\n<figure class=\"wp-block-gallery has-nested-images columns-default is-cropped wp-block-gallery-2 is-layout-flex wp-block-gallery-is-layout-flex\">\n<figure class=\"wp-block-image size-large\"><img loading=\"lazy\" decoding=\"async\" width=\"769\" height=\"840\" data-id=\"790\" src=\"https:\/\/senzaconfinitrieste.org\/wp-content\/uploads\/2023\/09\/Il-Piccolo-16-settembre.jpg\" alt=\"\" class=\"wp-image-790\" srcset=\"https:\/\/senzaconfinitrieste.org\/wp-content\/uploads\/2023\/09\/Il-Piccolo-16-settembre.jpg 769w, https:\/\/senzaconfinitrieste.org\/wp-content\/uploads\/2023\/09\/Il-Piccolo-16-settembre-275x300.jpg 275w\" sizes=\"auto, (max-width: 769px) 100vw, 769px\" \/><figcaption class=\"wp-element-caption\">Da Il Piccolo 16 settembre 2023<\/figcaption><\/figure>\n<\/figure>\n\n\n\n<p><a href=\"https:\/\/www.triesteprima.it\/social\/la-bottega-del-mondo-festa.html\">https:\/\/www.triesteprima.it\/social\/la-bottega-del-mondo-festa.html<\/a><\/p>\n\n\n\n<p><a href=\"https:\/\/www.triesteallnews.it\/2023\/09\/la-bottega-del-mondo-senza-confini-brez-meja-compie-30-anni\/\">https:\/\/www.triesteallnews.it\/2023\/09\/la-bottega-del-mondo-senza-confini-brez-meja-compie-30-anni\/<\/a><\/p>\n\n\n\n<p><a href=\"https:\/\/www.primorski.eu\/trzaska\/pravicna-trgovina-praznuje-30-let-GX1440668\">https:\/\/www.primorski.eu\/trzaska\/pravicna-trgovina-praznuje-30-let-GX1440668<\/a><\/p>\n\n\n\n<figure class=\"wp-block-embed is-type-wp-embed is-provider-radio-fragola wp-block-embed-radio-fragola\"><div class=\"wp-block-embed__wrapper\">\n<blockquote class=\"wp-embedded-content\" data-secret=\"ktq6U30MZB\"><a href=\"https:\/\/www.radiofragola.com\/bottega-del-mondo-senza-confini-brez-meja-festeggia-i-suoi-30-anni-di-attivita\/\">Bottega del Mondo &#8211; Senza Confini Brez Meja festeggia i suoi 30 anni di attivit\u00e0<\/a><\/blockquote><iframe loading=\"lazy\" class=\"wp-embedded-content\" sandbox=\"allow-scripts\" security=\"restricted\" style=\"position: absolute; visibility: hidden;\" title=\"&#8220;Bottega del Mondo &#8211; Senza Confini Brez Meja festeggia i suoi 30 anni di attivit\u00e0&#8221; &#8212; radio fragola\" src=\"https:\/\/www.radiofragola.com\/bottega-del-mondo-senza-confini-brez-meja-festeggia-i-suoi-30-anni-di-attivita\/embed\/#?secret=7BOWOfHcHK#?secret=ktq6U30MZB\" data-secret=\"ktq6U30MZB\" width=\"600\" height=\"338\" frameborder=\"0\" marginwidth=\"0\" marginheight=\"0\" scrolling=\"no\"><\/iframe>\n<\/div><\/figure>\n\n\n\n<figure class=\"wp-block-image size-large\"><a href=\"https:\/\/www.primorski.eu\/trzaska\/pravicna-trgovina-praznuje-30-let-GX1440668\"><img loading=\"lazy\" decoding=\"async\" width=\"697\" height=\"1024\" src=\"https:\/\/senzaconfinitrieste.org\/wp-content\/uploads\/2023\/09\/Primorski-Primorski-15_09_2023-8_page-0001-1-697x1024.jpg\" alt=\"\" class=\"wp-image-786\" srcset=\"https:\/\/senzaconfinitrieste.org\/wp-content\/uploads\/2023\/09\/Primorski-Primorski-15_09_2023-8_page-0001-1-697x1024.jpg 697w, https:\/\/senzaconfinitrieste.org\/wp-content\/uploads\/2023\/09\/Primorski-Primorski-15_09_2023-8_page-0001-1-204x300.jpg 204w, https:\/\/senzaconfinitrieste.org\/wp-content\/uploads\/2023\/09\/Primorski-Primorski-15_09_2023-8_page-0001-1-768x1129.jpg 768w, https:\/\/senzaconfinitrieste.org\/wp-content\/uploads\/2023\/09\/Primorski-Primorski-15_09_2023-8_page-0001-1-1045x1536.jpg 1045w, https:\/\/senzaconfinitrieste.org\/wp-content\/uploads\/2023\/09\/Primorski-Primorski-15_09_2023-8_page-0001-1-1393x2048.jpg 1393w, https:\/\/senzaconfinitrieste.org\/wp-content\/uploads\/2023\/09\/Primorski-Primorski-15_09_2023-8_page-0001-1-1100x1617.jpg 1100w, https:\/\/senzaconfinitrieste.org\/wp-content\/uploads\/2023\/09\/Primorski-Primorski-15_09_2023-8_page-0001-1-scaled.jpg 1741w\" sizes=\"auto, (max-width: 697px) 100vw, 697px\" \/><\/a><\/figure>\n\n\n\n<p><strong>CHI POSSIEDE I FRUTTI DELLA TERRA<\/strong><\/p>\n\n\n\n<p><strong>Presentazione del libro &#8220;Chi possiede i frutti della terra&#8221; di e con Fabio Ciconte.  Modera Fabiana Martini.  Trieste 24\/02\/2023 presso Casa del Popolo di Ponziana<\/strong><\/p>\n\n\n\n<figure class=\"wp-block-audio\"><audio controls src=\"https:\/\/www.rtvslo.si\/rtv365\/arhiv\/174939332?s=radio_ita\"><\/audio><figcaption class=\"wp-element-caption\"> <br> <a href=\"https:\/\/www.rtvslo.si\/rtv365\/arhiv\/174939332?s=radio_ita\">https:\/\/www.rtvslo.si\/rtv365\/arhiv\/174939332?s=radio_ita<\/a><br>radio Capodistria<br>Zona 30,&nbsp;programma intrattenimento<br>50 min&nbsp;\u2022&nbsp;28.2.2023<br> <br><em>Chi possiede i frutti della terra<\/em> <br>Mangiamo poche specie vegetali e pochissime variet\u00e0, tutte uguali le une alle altre. Esteticamente perfette. \u00c8 un fatto naturale? \u00c8 un fatto neutro e senza conseguenze? Ne parliamo con Fabio Ciconte, scrittore ambientalista e co-fondatore dell\u2019Associazione Terra! presentandovi il suo ultimo libro \u201cChi possiede i frutti della terra\u201d (Laterza). A seguire Anna Andriani, presidente dell\u2019associazione Senza Confini Brez Meja ODV, nata per diffondere il commercio equo e solidale e Valentino Riva, volontario del progetto Ugor\u00e0 &#8211; urban gardening ora. <\/figcaption><\/figure>\n\n\n\n<figure class=\"wp-block-image\"><img loading=\"lazy\" decoding=\"async\" width=\"712\" height=\"558\" src=\"https:\/\/senzaconfinitrieste.org\/wp-content\/uploads\/2023\/02\/ciconte-su-il-Piccolo1.jpg\" alt=\"\" class=\"wp-image-718\" srcset=\"https:\/\/senzaconfinitrieste.org\/wp-content\/uploads\/2023\/02\/ciconte-su-il-Piccolo1.jpg 712w, https:\/\/senzaconfinitrieste.org\/wp-content\/uploads\/2023\/02\/ciconte-su-il-Piccolo1-300x235.jpg 300w\" sizes=\"auto, (max-width: 712px) 100vw, 712px\" \/><figcaption class=\"wp-element-caption\">Da Il Piccolo <\/figcaption><\/figure>\n\n\n\n<figure class=\"wp-block-image\"><img loading=\"lazy\" decoding=\"async\" width=\"455\" height=\"1024\" src=\"https:\/\/senzaconfinitrieste.org\/wp-content\/uploads\/2023\/02\/Primorski-Primorski-24_02_2023-12_page-0001-455x1024.jpg\" alt=\"\" class=\"wp-image-721\" srcset=\"https:\/\/senzaconfinitrieste.org\/wp-content\/uploads\/2023\/02\/Primorski-Primorski-24_02_2023-12_page-0001-455x1024.jpg 455w, https:\/\/senzaconfinitrieste.org\/wp-content\/uploads\/2023\/02\/Primorski-Primorski-24_02_2023-12_page-0001-133x300.jpg 133w, https:\/\/senzaconfinitrieste.org\/wp-content\/uploads\/2023\/02\/Primorski-Primorski-24_02_2023-12_page-0001-768x1729.jpg 768w, https:\/\/senzaconfinitrieste.org\/wp-content\/uploads\/2023\/02\/Primorski-Primorski-24_02_2023-12_page-0001-1100x2476.jpg 1100w, https:\/\/senzaconfinitrieste.org\/wp-content\/uploads\/2023\/02\/Primorski-Primorski-24_02_2023-12_page-0001.jpg 1137w\" sizes=\"auto, (max-width: 455px) 100vw, 455px\" \/><\/figure>\n\n\n\n<ul class=\"wp-block-list\">\n<li>Intervista a Fabio Ciconte TGR del 24\/02\/2023 dal min -7,37 <\/li>\n\n\n\n<li><a href=\"https:\/\/www.rainews.it\/tgr\/fvg\/notiziari\/audio\/2023\/02\/GR-Friuli-Venezia-GIulia-del-24022023-ore-1210-9f9f6353-49d4-4333-a462-a832811aae79.html\">https:\/\/www.rainews.it\/tgr\/fvg\/notiziari\/audio\/2023\/02\/GR-Friuli-Venezia-GIulia-del-24022023-ore-1210-9f9f6353-49d4-4333-a462-a832811aae79.html<\/a><\/li>\n<\/ul>\n\n\n\n<p>Da ilfriuliveneziagiulia.it  <a rel=\"noreferrer noopener\" aria-label=\" (si apre in una nuova scheda)\" href=\"https:\/\/www.ilfriuliveneziagiulia.it\/a-trieste-si-presenta-il-libro-chi-possiede-i-frutti-della-terra-con-lautore-fabio-ciconte\/\" target=\"_blank\">https:\/\/www.ilfriuliveneziagiulia.it\/a-trieste-si-presenta-il-libro-chi-possiede-i-frutti-della-terra-con-lautore-fabio-ciconte\/<\/a><\/p>\n\n\n\n<p>Da Friulisera <a href=\"https:\/\/friulisera.it\/presentazione-a-trieste-del-libro-chi-possiede-i-frutti-della-terra-dialogo-con-fabio-ciconte-giornalista-e-direttore-dellassociazione-terra\/\">https:\/\/friulisera.it\/presentazione-a-trieste-del-libro-chi-possiede-i-frutti-della-terra-dialogo-con-fabio-ciconte-giornalista-e-direttore-dellassociazione-terra\/<\/a><\/p>\n\n\n\n<p>Il Piccolo <\/p>\n\n\n\n<figure class=\"wp-block-image\"><img loading=\"lazy\" decoding=\"async\" width=\"1024\" height=\"206\" src=\"https:\/\/senzaconfinitrieste.org\/wp-content\/uploads\/2023\/02\/ciconte-su-il-Piccolo-1024x206.jpg\" alt=\"\" class=\"wp-image-708\" srcset=\"https:\/\/senzaconfinitrieste.org\/wp-content\/uploads\/2023\/02\/ciconte-su-il-Piccolo-1024x206.jpg 1024w, https:\/\/senzaconfinitrieste.org\/wp-content\/uploads\/2023\/02\/ciconte-su-il-Piccolo-300x60.jpg 300w, https:\/\/senzaconfinitrieste.org\/wp-content\/uploads\/2023\/02\/ciconte-su-il-Piccolo-768x154.jpg 768w, https:\/\/senzaconfinitrieste.org\/wp-content\/uploads\/2023\/02\/ciconte-su-il-Piccolo.jpg 1060w\" sizes=\"auto, (max-width: 1024px) 100vw, 1024px\" \/><\/figure>\n\n\n\n<p><\/p>\n\n\n\n<p><strong>Incontro &#8220;LE MISURE ALTERNATIVE E SOSTITUTIVE ALLA DETENZIONE IN CARCERE&#8221;, Bottega del Mondo Senza Confini Brez Meja  6 febbraio 2023 e mostra &#8220;(P)ARTE DA DENTRO&#8221;, 6-25 febbraio 2023<\/strong><\/p>\n\n\n\n<ul class=\"wp-block-list\">\n<li><a href=\"https:\/\/www.articolo21.org\/2023\/02\/parte-da-dentro-in-mostra-a-trieste-opere-realizzate-da-persone-detenute-in-regime-di-alta-sicurezza\/\" target=\"_blank\" rel=\"noreferrer noopener\" aria-label=\"articolo21, 13 febbraio 2023 (si apre in una nuova scheda)\">articolo21, 13 febbraio 2023<\/a><\/li>\n<\/ul>\n\n\n\n<ul class=\"wp-block-list\">\n<li><a href=\"https:\/\/senzaconfinitrieste.org\/wp-content\/uploads\/2023\/02\/mostra-arte-dentro-2.jpg\" target=\"_blank\" rel=\"noreferrer noopener\" aria-label=\"presentazione mostra (si apre in una nuova scheda)\">presentazione mostra<\/a><\/li>\n<\/ul>\n\n\n\n<p> <strong>Mostra &#8220;TERRA MADRE&#8221;, Trieste Teatro stabile sloveno 13-27 gennaio 2023<\/strong><\/p>\n\n\n\n<ul class=\"wp-block-list\">\n<li><a href=\"https:\/\/senzaconfinitrieste.org\/wp-content\/uploads\/2023\/02\/comunicato-terra-madre.jpg\" target=\"_blank\" rel=\"noreferrer noopener\" aria-label=\" (si apre in una nuova scheda)\">comunicato stampa<\/a><\/li>\n<\/ul>\n\n\n\n<ul class=\"wp-block-list\">\n<li><a rel=\"noreferrer noopener\" aria-label=\" (si apre in una nuova scheda)\" href=\"https:\/\/www.ilfriuliveneziagiulia.it\/la-sfida-della-sostenibilita-ambientale-in-africa-nelle-immagini-dei-grandi-fotografi\/\" target=\"_blank\"> ilfriuliveneziagiulia, 11 gennaio 2023<\/a><\/li>\n<\/ul>\n\n\n\n<ul class=\"wp-block-list\">\n<li><a rel=\"noreferrer noopener\" href=\"https:\/\/friulisera.it\/mostra-fotografica-terra-madre-a-trieste-la-sfida-della-sostenibilita-ambientale-in-africa-nelle-immagini-dei-grandi-fotografi\/\" target=\"_blank\">FriuliSera, 11 gennaio 2023<\/a><\/li>\n<\/ul>\n\n\n\n<ul class=\"wp-block-list\">\n<li><a href=\"https:\/\/senzaconfinitrieste.org\/wp-content\/uploads\/2023\/02\/primorski1-terra-madre.jpg\" target=\"_blank\" rel=\"noreferrer noopener\" aria-label=\" (si apre in una nuova scheda)\">Primorski Dnevnik, 12 gennaio 2023<\/a><\/li>\n<\/ul>\n\n\n\n<ul class=\"wp-block-list\">\n<li> <a href=\"https:\/\/365.rtvslo.si\/arhiv\/calle-degli-orti-grandi\/174928433\" target=\"_blank\" rel=\"noreferrer noopener\" aria-label=\" (si apre in una nuova scheda)\">Radio Capodistria RTV365, 13 gennaio 2023<\/a><\/li>\n<\/ul>\n\n\n\n<ul class=\"wp-block-list\">\n<li><a href=\"https:\/\/senzaconfinitrieste.org\/wp-content\/uploads\/2023\/02\/primorski2-terra-madre.jpeg\" target=\"_blank\" rel=\"noreferrer noopener\" aria-label=\" (si apre in una nuova scheda)\"> Primorski Dnevnik, 17 gennaio 2023<\/a><\/li>\n<\/ul>\n\n\n\n<ul class=\"wp-block-list\">\n<li> <a href=\"https:\/\/www.youtube.com\/watch?v=kPmdjwlDBV8\" target=\"_blank\" rel=\"noreferrer noopener\" aria-label=\" (si apre in una nuova scheda)\">Telequattro, \u201cTrieste d\u2019arte\u201d, 19 gennaio 2023<\/a><\/li>\n<\/ul>\n\n\n\n<p><\/p>\n\n\n\n<figure class=\"wp-block-gallery has-nested-images columns-default is-cropped wp-block-gallery-3 is-layout-flex wp-block-gallery-is-layout-flex\"><\/figure>\n","protected":false},"excerpt":{"rendered":"<p>Agricoltura sostenibile in Palestina: il commercio giusto forma di resistenza attiva e non violenta luned\u00ec 20\/10\/2025 Con Mohammed Hmidat &#8211; Direttore esecutivo di Al Reef for Investment and Agricultural Marketing (PARC &#8211; Palestinian Agricultural Relief Committee)Introduce: Beatrice De Blasi &#8211; Portavoce di Fondazione Altromercato Un&#8217;Altra memoria, di e con Lorenzo Guadagnucci Trieste 11\/09\/2025 Primorski 8 &hellip; <a href=\"https:\/\/senzaconfinitrieste.org\/index.php\/dicono-di-noi\/\" class=\"more-link\">Continua a leggere <span class=\"screen-reader-text\">Dicono di noi<\/span> <span class=\"meta-nav\">\t<\/span><\/a><\/p>\n","protected":false},"author":1,"featured_media":0,"parent":0,"menu_order":0,"comment_status":"closed","ping_status":"closed","template":"","meta":{"footnotes":""},"class_list":["post-658","page","type-page","status-publish","hentry"],"_links":{"self":[{"href":"https:\/\/senzaconfinitrieste.org\/index.php\/wp-json\/wp\/v2\/pages\/658","targetHints":{"allow":["GET"]}}],"collection":[{"href":"https:\/\/senzaconfinitrieste.org\/index.php\/wp-json\/wp\/v2\/pages"}],"about":[{"href":"https:\/\/senzaconfinitrieste.org\/index.php\/wp-json\/wp\/v2\/types\/page"}],"author":[{"embeddable":true,"href":"https:\/\/senzaconfinitrieste.org\/index.php\/wp-json\/wp\/v2\/users\/1"}],"replies":[{"embeddable":true,"href":"https:\/\/senzaconfinitrieste.org\/index.php\/wp-json\/wp\/v2\/comments?post=658"}],"version-history":[{"count":32,"href":"https:\/\/senzaconfinitrieste.org\/index.php\/wp-json\/wp\/v2\/pages\/658\/revisions"}],"predecessor-version":[{"id":951,"href":"https:\/\/senzaconfinitrieste.org\/index.php\/wp-json\/wp\/v2\/pages\/658\/revisions\/951"}],"wp:attachment":[{"href":"https:\/\/senzaconfinitrieste.org\/index.php\/wp-json\/wp\/v2\/media?parent=658"}],"curies":[{"name":"wp","href":"https:\/\/api.w.org\/{rel}","templated":true}]}}