{"id":966,"date":"2025-11-28T12:02:37","date_gmt":"2025-11-28T12:02:37","guid":{"rendered":"https:\/\/senzaconfinitrieste.org\/?page_id=966"},"modified":"2025-12-16T12:52:28","modified_gmt":"2025-12-16T12:52:28","slug":"cosa-facciamo","status":"publish","type":"page","link":"https:\/\/senzaconfinitrieste.org\/index.php\/cosa-facciamo\/","title":{"rendered":""},"content":{"rendered":"\n<div class=\"wp-block-cover is-light\" style=\"min-height:252px;aspect-ratio:unset;\"><img loading=\"lazy\" decoding=\"async\" width=\"600\" height=\"400\" class=\"wp-block-cover__image-background wp-image-908 size-full\" alt=\"\" src=\"https:\/\/senzaconfinitrieste.org\/wp-content\/uploads\/2025\/04\/unnamed-3.jpg\" data-object-fit=\"cover\" srcset=\"https:\/\/senzaconfinitrieste.org\/wp-content\/uploads\/2025\/04\/unnamed-3.jpg 600w, https:\/\/senzaconfinitrieste.org\/wp-content\/uploads\/2025\/04\/unnamed-3-300x200.jpg 300w\" sizes=\"auto, (max-width: 600px) 100vw, 600px\" \/><span aria-hidden=\"true\" class=\"wp-block-cover__background has-background-dim\" style=\"background-color:#8f9178\"><\/span><div class=\"wp-block-cover__inner-container is-layout-flow wp-block-cover-is-layout-flow\">\n<h1 class=\"wp-block-heading has-text-align-center has-white-color has-text-color has-link-color has-x-large-font-size wp-elements-91310d1472a7d568d697a22719a5a389\"><strong>Cosa Facciamo<\/strong><\/h1>\n<\/div><\/div>\n\n\n\n<div style=\"height:36px\" aria-hidden=\"true\" class=\"wp-block-spacer\"><\/div>\n\n\n\n<p><strong>Volontarie e Volontari in Bottega del Mondo&nbsp;<\/strong><\/p>\n\n\n\n<p>La Bottega del Mondo \u00e8&nbsp;la casa del Commercio Equo e Solidale.&nbsp; E&#8217; il&nbsp;luogo dove&nbsp;le persone possono entrare in contatto con storie, valori ed esperienze da tutto il mondo e toccare con mano prodotti che parlano di sostenibilit\u00e0 sociale e ambientale.&nbsp;Ci piace ricordare che tutto ci\u00f2 che si trova in Bottega \u00e8 buono fino in fondo: buono&nbsp;per chi acquista, per chi&nbsp;produce\u2026. ed \u00e8 buono pure per la Madre Terra.&nbsp; Tutti i prodotti \u2013 siano essi alimentari, manufatti artigianali, o prodotti per il benessere e per la pulizia della casa&nbsp;\u2013 sono pagati ad un prezzo equo e la filiera \u00e8 tracciabile e trasparente: la loro origine e lavorazione, sempre dichiarata in etichetta, offre al consumatore la garanzia della loro alta dignit\u00e0, qualit\u00e0, sostenibilit\u00e0.&nbsp;<\/p>\n\n\n\n<p>Le volontarie e i volontari<\/p>\n\n\n\n<ul class=\"wp-block-list\">\n<li>si alternano in turni durante l&#8217;orario di apertura della Bottega del Mondo, per assistere i clienti e portarli alla scoperta del vero valore di ci\u00f2 che si acquista.&nbsp;<\/li>\n\n\n\n<li>si occupano di alcuni servizi commerciali aggiuntivi quali per esempio:<\/li>\n<\/ul>\n\n\n\n<p>-il confezionamento di bomboniere di qualit\u00e0, sostenibili e solidali (in Bottega si trova un\u2019ampia scelta di materiali, oggettistica artigianale e deliziosi confetti);<\/p>\n\n\n\n<p>-la consegna a domicilio di spese equosolidali<\/p>\n\n\n\n<p>-l\u2019organizzazione di coffee break e aperitivi con prodotti equosolidali e a Km0.&nbsp;<\/p>\n\n\n\n<p><\/p>\n\n\n\n<h2 class=\"wp-block-heading\" id=\"prodotti\">Prodotti<\/h2>\n\n\n\n<p><strong>Prodotti equosolidali, prodotti a Km0, prodotti Libera Terra, prodotti di piccole cooperative sociali e altro ancora <\/strong><\/p>\n\n\n\n<div class=\"wp-block-columns is-layout-flex wp-container-core-columns-is-layout-9d6595d7 wp-block-columns-is-layout-flex\">\n<div class=\"wp-block-column is-layout-flow wp-block-column-is-layout-flow\">\n<h3 class=\"wp-block-heading\"><strong>Alimentari<\/strong><\/h3>\n\n\n<div class=\"wp-block-image\">\n<figure class=\"alignleft size-full is-resized\"><img loading=\"lazy\" decoding=\"async\" width=\"675\" height=\"900\" src=\"https:\/\/senzaconfinitrieste.org\/wp-content\/uploads\/2025\/11\/banane-edited.jpg\" alt=\"\" class=\"wp-image-973\" style=\"width:288px;height:auto\" srcset=\"https:\/\/senzaconfinitrieste.org\/wp-content\/uploads\/2025\/11\/banane-edited.jpg 675w, https:\/\/senzaconfinitrieste.org\/wp-content\/uploads\/2025\/11\/banane-edited-225x300.jpg 225w\" sizes=\"auto, (max-width: 675px) 100vw, 675px\" \/><\/figure><\/div><\/div>\n\n\n\n<div class=\"wp-block-column is-layout-flow wp-block-column-is-layout-flow\">\n<p><\/p>\n\n\n\n<p>Tutti i prodotti alimentari equosolidali sono pagati ad un prezzo equo e la filiera \u00e8 tracciabile.<\/p>\n\n\n\n<p>Molti alimentari sono certificati BIO. <\/p>\n\n\n\n<p>In Bottega trovi pi\u00f9 variet\u00e0 di t\u00e8, infusi, caff\u00e8, zucchero, spezie, cacao, cioccolato, riso, pasta; trovi cous cous, quinoa, marmellate, miele, olio, legumi secchi, salsine e condimenti, sciroppi e bibite, vino<\/p>\n\n\n\n<p>\u2026 insomma tutta la tua spesa quotidiana pu\u00f2 essere equa, solidale e sostenibile.<\/p>\n<\/div>\n<\/div>\n\n\n\n<div class=\"wp-block-columns is-layout-flex wp-container-core-columns-is-layout-9d6595d7 wp-block-columns-is-layout-flex\">\n<div class=\"wp-block-column is-layout-flow wp-block-column-is-layout-flow\">\n<p><strong>Artigianato<\/strong><\/p>\n\n\n\n<figure class=\"wp-block-image size-large is-resized\"><img loading=\"lazy\" decoding=\"async\" width=\"809\" height=\"1078\" src=\"https:\/\/senzaconfinitrieste.org\/wp-content\/uploads\/2025\/11\/cesti-edited.jpg\" alt=\"\" class=\"wp-image-971\" style=\"width:289px;height:auto\" srcset=\"https:\/\/senzaconfinitrieste.org\/wp-content\/uploads\/2025\/11\/cesti-edited.jpg 809w, https:\/\/senzaconfinitrieste.org\/wp-content\/uploads\/2025\/11\/cesti-edited-225x300.jpg 225w, https:\/\/senzaconfinitrieste.org\/wp-content\/uploads\/2025\/11\/cesti-edited-768x1023.jpg 768w\" sizes=\"auto, (max-width: 809px) 100vw, 809px\" \/><\/figure>\n<\/div>\n\n\n\n<div class=\"wp-block-column is-layout-flow wp-block-column-is-layout-flow\">\n<p><\/p>\n\n\n\n<p>I prodotti per la casa (ceramiche, tessuti, cesteria\u2026) e per la persona (abiti, borse, accessori, bigiotteria) sono testimoni di culture e di storie, di tradizioni antiche, declinate in chiave moderna.<\/p>\n<\/div>\n<\/div>\n\n\n\n<div class=\"wp-block-columns is-layout-flex wp-container-core-columns-is-layout-9d6595d7 wp-block-columns-is-layout-flex\">\n<div class=\"wp-block-column is-layout-flow wp-block-column-is-layout-flow\">\n<p><strong>Cosmesi e detergenza<\/strong><\/p>\n\n\n\n<figure class=\"wp-block-image is-resized\"><img loading=\"lazy\" decoding=\"async\" width=\"757\" height=\"1009\" src=\"https:\/\/senzaconfinitrieste.org\/wp-content\/uploads\/2025\/11\/argan-1-edited.jpg\" alt=\"argan\" class=\"wp-image-972\" style=\"width:289px;height:auto\" srcset=\"https:\/\/senzaconfinitrieste.org\/wp-content\/uploads\/2025\/11\/argan-1-edited.jpg 757w, https:\/\/senzaconfinitrieste.org\/wp-content\/uploads\/2025\/11\/argan-1-edited-225x300.jpg 225w\" sizes=\"auto, (max-width: 757px) 100vw, 757px\" \/><\/figure>\n<\/div>\n\n\n\n<div class=\"wp-block-column is-layout-flow wp-block-column-is-layout-flow\">\n<p><\/p>\n\n\n\n<p class=\"has-text-align-left\">La cosmesi Natyr bio contiene ingredienti equosolidali, \u00e8 naturale e ad elevata funzionalit\u00e0, per il benessere e la cura di viso, corpo e capelli. <\/p>\n\n\n\n<p class=\"has-text-align-left\">Oltre alla certificazione Natrue, per offrire massima garanzia in termini di naturalit\u00e0, Natyr aderisce alla certificazione CCPB per i Cosmetici Biologici, uno standard privato sottoposto a stretto regolamentazione da esperti della Certificazione Alimentare.<\/p>\n\n\n\n<p>Saponi vegetali naturali al taglio e i detersivi alla spina per piatti, lavatrice e superfici completano le nostre proposte per una detergenza attenta all\u2019uomo e all\u2019ambiente.<\/p>\n<\/div>\n<\/div>\n\n\n\n<div class=\"wp-block-columns is-layout-flex wp-container-core-columns-is-layout-9d6595d7 wp-block-columns-is-layout-flex\">\n<div class=\"wp-block-column is-layout-flow wp-block-column-is-layout-flow\">\n<p><strong>Prodotti freschi su ordinazione<\/strong><\/p>\n\n\n\n<figure class=\"wp-block-image is-resized\"><img loading=\"lazy\" decoding=\"async\" width=\"900\" height=\"1200\" src=\"https:\/\/senzaconfinitrieste.org\/wp-content\/uploads\/2025\/11\/pomodori-edited.jpg\" alt=\"Stampa\" class=\"wp-image-974\" style=\"width:285px;height:auto\" srcset=\"https:\/\/senzaconfinitrieste.org\/wp-content\/uploads\/2025\/11\/pomodori-edited.jpg 900w, https:\/\/senzaconfinitrieste.org\/wp-content\/uploads\/2025\/11\/pomodori-edited-225x300.jpg 225w, https:\/\/senzaconfinitrieste.org\/wp-content\/uploads\/2025\/11\/pomodori-edited-768x1024.jpg 768w\" sizes=\"auto, (max-width: 900px) 100vw, 900px\" \/><\/figure>\n<\/div>\n\n\n\n<div class=\"wp-block-column is-layout-flow wp-block-column-is-layout-flow\">\n<p><\/p>\n\n\n\n<p>Ogni 15 giorni arrivano in Bottega latticini dalla piana del Volturno dove la&nbsp;Cooperativa Le Terre di Don Peppe Diana Libera Terra&nbsp;produce mozzarella e ricotta di bufala.<\/p>\n\n\n\n<p>Arrivano le banane equosolidali e le arance dalla Calabria.&nbsp;<\/p>\n\n\n\n<p><\/p>\n\n\n\n<p> Per info e prenotazioni scrivi a <a href=\"mailto:suordinazione@senzaconfinitrieste.org\">suordinazione@senzaconfinitrieste.org <\/a><\/p>\n<\/div>\n<\/div>\n\n\n\n<div style=\"height:141px\" aria-hidden=\"true\" class=\"wp-block-spacer\"><\/div>\n\n\n\n<h2 class=\"wp-block-heading\" id=\"servizi\">Servizi<\/h2>\n\n\n\n<div class=\"wp-block-columns is-layout-flex wp-container-core-columns-is-layout-9d6595d7 wp-block-columns-is-layout-flex\">\n<div class=\"wp-block-column is-layout-flow wp-block-column-is-layout-flow\">\n<p><strong>Pausa Caff\u00e8<\/strong> e <strong>Aperitivi<\/strong><\/p>\n\n\n\n<figure class=\"wp-block-gallery has-nested-images columns-default is-cropped wp-block-gallery-1 is-layout-flex wp-block-gallery-is-layout-flex\">\n<figure class=\"wp-block-image size-large\"><img loading=\"lazy\" decoding=\"async\" width=\"1024\" height=\"683\" data-id=\"1039\" src=\"https:\/\/senzaconfinitrieste.org\/wp-content\/uploads\/2025\/12\/468487440_10161059189707983_5356637287697425055_n-1024x683.jpg\" alt=\"\" class=\"wp-image-1039\" srcset=\"https:\/\/senzaconfinitrieste.org\/wp-content\/uploads\/2025\/12\/468487440_10161059189707983_5356637287697425055_n-1024x683.jpg 1024w, https:\/\/senzaconfinitrieste.org\/wp-content\/uploads\/2025\/12\/468487440_10161059189707983_5356637287697425055_n-300x200.jpg 300w, https:\/\/senzaconfinitrieste.org\/wp-content\/uploads\/2025\/12\/468487440_10161059189707983_5356637287697425055_n-768x512.jpg 768w, https:\/\/senzaconfinitrieste.org\/wp-content\/uploads\/2025\/12\/468487440_10161059189707983_5356637287697425055_n-1536x1024.jpg 1536w, https:\/\/senzaconfinitrieste.org\/wp-content\/uploads\/2025\/12\/468487440_10161059189707983_5356637287697425055_n-1100x733.jpg 1100w, https:\/\/senzaconfinitrieste.org\/wp-content\/uploads\/2025\/12\/468487440_10161059189707983_5356637287697425055_n.jpg 2048w\" sizes=\"auto, (max-width: 1024px) 100vw, 1024px\" \/><\/figure>\n<\/figure>\n<\/div>\n\n\n\n<div class=\"wp-block-column is-layout-flow wp-block-column-is-layout-flow\">\n<p><\/p>\n\n\n\n<p>Organizziamo coffee break e aperitivi con prodotti equosolidali e a Km0. <br><\/p>\n\n\n\n<p>Puoi richiedere un preventivo scrivendo a <a href=\"mailto:info@senzaconfinitrieste.org\">commerciale@senzaconfinitrieste.org<\/a><\/p>\n<\/div>\n<\/div>\n\n\n\n<p><strong>Vendita personalizzata ad esercizi commerciali, gruppi d\u2019acquisto<\/strong><\/p>\n\n\n\n<p>offriamo un servizio personalizzato<\/p>\n\n\n\n<ul class=\"wp-block-list\">\n<li>di regalistica aziendale. Il catalogo dedicato prevede un ventaglio <br>di prodotti alimentari e cesteria dedicati al tempo del Natale, ma non <br>solo.<\/li>\n\n\n\n<li>di vendita ai gruppi d\u2019acquisto, che desiderano fare una spesa <br>solidale di alimentari di uso quotidiano a prezzi leggermente scontati<\/li>\n\n\n\n<li>di vendita a chi gi\u00e0 conduce un\u2019attivit\u00e0 commerciale e desidera <br>inserire nel proprio assortimento anche prodotti fair trade e diventare <br>cos\u00ec un luogo che propone un\u2019economia di giustizia. Se interessati a <br>conoscere meglio questo tipo di proposta, contattate il nostro <br>Responsabile Promozione per fissare un appuntamento. <\/li>\n<\/ul>\n\n\n\n<p>Per informazioni e per tutti questi servizi scrivi a <a href=\"mailto:promo@senzaconfinitrieste.org\">amministrazione@senzaconfinitrieste.org<\/a><\/p>\n\n\n\n<p><strong>La spesa direttamente a casa<\/strong><\/p>\n\n\n\n<p>Consegniamo spese equosolidali a domicilio. La consegna a casa&nbsp; ha un\n costo di 5 euro, \u00e8 gratuita nel caso la spesa raggiunga l\u2019importo di 75\n euro. <\/p>\n\n\n\n<p>Per info scrivi a suordinazione@senzaconfinitrieste.org<\/p>\n\n\n\n<div class=\"wp-block-columns is-layout-flex wp-container-core-columns-is-layout-9d6595d7 wp-block-columns-is-layout-flex\">\n<div class=\"wp-block-column is-layout-flow wp-block-column-is-layout-flow\">\n<p><strong>Bomboniere solidali e liste nozze<\/strong><\/p>\n\n\n\n<figure class=\"wp-block-image size-large\"><img loading=\"lazy\" decoding=\"async\" width=\"1024\" height=\"1024\" src=\"https:\/\/senzaconfinitrieste.org\/wp-content\/uploads\/2025\/12\/WhatsApp-Image-2025-12-11-at-16.44.42-1024x1024.jpeg\" alt=\"\" class=\"wp-image-1044\" srcset=\"https:\/\/senzaconfinitrieste.org\/wp-content\/uploads\/2025\/12\/WhatsApp-Image-2025-12-11-at-16.44.42-1024x1024.jpeg 1024w, https:\/\/senzaconfinitrieste.org\/wp-content\/uploads\/2025\/12\/WhatsApp-Image-2025-12-11-at-16.44.42-300x300.jpeg 300w, https:\/\/senzaconfinitrieste.org\/wp-content\/uploads\/2025\/12\/WhatsApp-Image-2025-12-11-at-16.44.42-150x150.jpeg 150w, https:\/\/senzaconfinitrieste.org\/wp-content\/uploads\/2025\/12\/WhatsApp-Image-2025-12-11-at-16.44.42-768x768.jpeg 768w, https:\/\/senzaconfinitrieste.org\/wp-content\/uploads\/2025\/12\/WhatsApp-Image-2025-12-11-at-16.44.42-1536x1536.jpeg 1536w, https:\/\/senzaconfinitrieste.org\/wp-content\/uploads\/2025\/12\/WhatsApp-Image-2025-12-11-at-16.44.42-1100x1100.jpeg 1100w, https:\/\/senzaconfinitrieste.org\/wp-content\/uploads\/2025\/12\/WhatsApp-Image-2025-12-11-at-16.44.42.jpeg 1736w\" sizes=\"auto, (max-width: 1024px) 100vw, 1024px\" \/><\/figure>\n<\/div>\n\n\n\n<div class=\"wp-block-column is-layout-flow wp-block-column-is-layout-flow\">\n<p><\/p>\n\n\n\n<p>Confezioniamo bomboniere di qualit\u00e0, sostenibili e solidali. In Bottega trovi un\u2019ampia scelta di materiali, oggettistica artigianale e deliziosi confetti. <\/p>\n\n\n\n<p>In negozio, inoltre, \u00e8 possibile \nconsultare il catalogo delle proposte per la casa se desideri \norganizzare una lista nozze equosolidale.<\/p>\n\n\n\n<p>Per info scrivi a <a href=\"mailto:commerciale@senzaconfinitrieste.org\">commerciale@senzaconfinitrieste.org<\/a><\/p>\n<\/div>\n<\/div>\n\n\n\n<div style=\"height:115px\" aria-hidden=\"true\" class=\"wp-block-spacer\"><\/div>\n\n\n\n<div class=\"wp-block-columns is-layout-flex wp-container-core-columns-is-layout-9d6595d7 wp-block-columns-is-layout-flex\">\n<div class=\"wp-block-column is-layout-flow wp-block-column-is-layout-flow\">\n<h2 class=\"wp-block-heading\" id=\"eventi\"><strong>Eventi informativi e culturali<\/strong><\/h2>\n\n\n\n<figure class=\"wp-block-image is-resized\"><img loading=\"lazy\" decoding=\"async\" width=\"1625\" height=\"1534\" src=\"https:\/\/senzaconfinitrieste.org\/wp-content\/uploads\/2019\/05\/eventi-3.jpg\" alt=\"eventi 3\" class=\"wp-image-191\" style=\"width:363px;height:auto\" srcset=\"https:\/\/senzaconfinitrieste.org\/wp-content\/uploads\/2019\/05\/eventi-3.jpg 1625w, https:\/\/senzaconfinitrieste.org\/wp-content\/uploads\/2019\/05\/eventi-3-300x283.jpg 300w, https:\/\/senzaconfinitrieste.org\/wp-content\/uploads\/2019\/05\/eventi-3-768x725.jpg 768w, https:\/\/senzaconfinitrieste.org\/wp-content\/uploads\/2019\/05\/eventi-3-1024x967.jpg 1024w, https:\/\/senzaconfinitrieste.org\/wp-content\/uploads\/2019\/05\/eventi-3-1100x1038.jpg 1100w\" sizes=\"auto, (max-width: 1625px) 100vw, 1625px\" \/><\/figure>\n<\/div>\n\n\n\n<div class=\"wp-block-column is-layout-flow wp-block-column-is-layout-flow\">\n<p>La Bottega del Mondo \u00e8 anche uno spazio di aggregazione e cultura, aperto e inclusivo, un luogo di incontro e di festa.&nbsp;Vi si organizzano presentazioni di progetti legati ai prodotti equosolidali; proiezioni di documentari; momenti di approfondimento sui temi della giustizia economica e sociale, del consumo critico, dei diritti umani anche in collaborazione con altre associazioni del territorio e con le comunit\u00e0 che abitano la nostra citt\u00e0; momenti ludici e festosi.<\/p>\n\n\n\n<p>Per informazioni e contatti: <a href=\"mailto:culturale@senzaconfinitrieste.org\">culturale@senzaconfinitrieste.org<\/a><\/p>\n<\/div>\n<\/div>\n\n\n\n<div class=\"wp-block-columns is-layout-flex wp-container-core-columns-is-layout-9d6595d7 wp-block-columns-is-layout-flex\">\n<div class=\"wp-block-column is-layout-flow wp-block-column-is-layout-flow\">\n<h2 class=\"wp-block-heading\" id=\"scuola\"><strong><strong>Il commercio equo a scuola<\/strong><\/strong><\/h2>\n\n\n<div class=\"wp-block-image is-resized\">\n<figure class=\"alignleft size-large\"><img loading=\"lazy\" decoding=\"async\" width=\"1024\" height=\"726\" src=\"https:\/\/senzaconfinitrieste.org\/wp-content\/uploads\/2025\/09\/percorsi-a-scuola-1024x726.png\" alt=\"\" class=\"wp-image-927\" style=\"width:362px;height:auto\" srcset=\"https:\/\/senzaconfinitrieste.org\/wp-content\/uploads\/2025\/09\/percorsi-a-scuola-1024x726.png 1024w, https:\/\/senzaconfinitrieste.org\/wp-content\/uploads\/2025\/09\/percorsi-a-scuola-300x213.png 300w, https:\/\/senzaconfinitrieste.org\/wp-content\/uploads\/2025\/09\/percorsi-a-scuola-768x545.png 768w, https:\/\/senzaconfinitrieste.org\/wp-content\/uploads\/2025\/09\/percorsi-a-scuola-1536x1090.png 1536w, https:\/\/senzaconfinitrieste.org\/wp-content\/uploads\/2025\/09\/percorsi-a-scuola-1100x780.png 1100w, https:\/\/senzaconfinitrieste.org\/wp-content\/uploads\/2025\/09\/percorsi-a-scuola.png 1748w\" sizes=\"auto, (max-width: 1024px) 100vw, 1024px\" \/><\/figure><\/div>\n\n<div class=\"wp-block-image is-resized\">\n<figure class=\"alignleft\"><img loading=\"lazy\" decoding=\"async\" width=\"2053\" height=\"1920\" src=\"https:\/\/senzaconfinitrieste.org\/wp-content\/uploads\/2019\/05\/eventi-2.jpg\" alt=\"eventi 2\" class=\"wp-image-192\" style=\"width:362px;height:auto\" srcset=\"https:\/\/senzaconfinitrieste.org\/wp-content\/uploads\/2019\/05\/eventi-2.jpg 2053w, https:\/\/senzaconfinitrieste.org\/wp-content\/uploads\/2019\/05\/eventi-2-300x281.jpg 300w, https:\/\/senzaconfinitrieste.org\/wp-content\/uploads\/2019\/05\/eventi-2-768x718.jpg 768w, https:\/\/senzaconfinitrieste.org\/wp-content\/uploads\/2019\/05\/eventi-2-1024x958.jpg 1024w, https:\/\/senzaconfinitrieste.org\/wp-content\/uploads\/2019\/05\/eventi-2-1100x1029.jpg 1100w\" sizes=\"auto, (max-width: 2053px) 100vw, 2053px\" \/><\/figure><\/div><\/div>\n\n\n\n<div class=\"wp-block-column is-layout-flow wp-block-column-is-layout-flow\">\n<p><em>Porta il Fair Trade nella tua scuola: ogni aula pu\u00f2 diventare uno spazio di giustizia e sostenibilit\u00e0!<\/em><\/p>\n\n\n\n<p>Portiamo il commercio equo e solidale nelle scuole, accogliamo visite didattiche in Bottega e siamo disponibili a studiare con gli insegnanti percorsi ad hoc per avvicinare bambini e giovani ai temi della giustizia economica e sociale.<\/p>\n\n\n\n<p>Per informazioni e contatti: <a href=\"mailto:culturale@senzaconfinitrieste.org\">culturale@senzaconfinitrieste.org<\/a><\/p>\n<\/div>\n<\/div>\n\n\n\n<div class=\"wp-block-columns is-layout-flex wp-container-core-columns-is-layout-9d6595d7 wp-block-columns-is-layout-flex\">\n<div class=\"wp-block-column is-layout-flow wp-block-column-is-layout-flow\">\n<h2 class=\"wp-block-heading\" id=\"bibliotequa\"><strong><strong>BibliotEqua<\/strong><\/strong><\/h2>\n\n\n<div class=\"wp-block-image is-resized\">\n<figure class=\"alignleft size-large\"><img loading=\"lazy\" decoding=\"async\" width=\"1024\" height=\"576\" src=\"https:\/\/senzaconfinitrieste.org\/wp-content\/uploads\/2019\/10\/banner-inaugurazione-1024x576.png\" alt=\"\" class=\"wp-image-294\" style=\"width:362px;height:auto\" srcset=\"https:\/\/senzaconfinitrieste.org\/wp-content\/uploads\/2019\/10\/banner-inaugurazione-1024x576.png 1024w, https:\/\/senzaconfinitrieste.org\/wp-content\/uploads\/2019\/10\/banner-inaugurazione-300x169.png 300w, https:\/\/senzaconfinitrieste.org\/wp-content\/uploads\/2019\/10\/banner-inaugurazione-768x432.png 768w, https:\/\/senzaconfinitrieste.org\/wp-content\/uploads\/2019\/10\/banner-inaugurazione-1100x619.png 1100w, https:\/\/senzaconfinitrieste.org\/wp-content\/uploads\/2019\/10\/banner-inaugurazione.png 1920w\" sizes=\"auto, (max-width: 1024px) 100vw, 1024px\" \/><\/figure><\/div>\n\n<div class=\"wp-block-image is-resized\">\n<figure class=\"alignleft size-large\"><img loading=\"lazy\" decoding=\"async\" width=\"819\" height=\"1024\" src=\"https:\/\/senzaconfinitrieste.org\/wp-content\/uploads\/2025\/10\/Book-1-819x1024.jpg\" alt=\"\" class=\"wp-image-953\" style=\"width:362px;height:auto\" srcset=\"https:\/\/senzaconfinitrieste.org\/wp-content\/uploads\/2025\/10\/Book-1-819x1024.jpg 819w, https:\/\/senzaconfinitrieste.org\/wp-content\/uploads\/2025\/10\/Book-1-240x300.jpg 240w, https:\/\/senzaconfinitrieste.org\/wp-content\/uploads\/2025\/10\/Book-1-768x960.jpg 768w, https:\/\/senzaconfinitrieste.org\/wp-content\/uploads\/2025\/10\/Book-1.jpg 1080w\" sizes=\"auto, (max-width: 819px) 100vw, 819px\" \/><\/figure><\/div><\/div>\n\n\n\n<div class=\"wp-block-column is-layout-flow wp-block-column-is-layout-flow\">\n<p>Nella sede dell\u2019associazione c\u2019\u00e8 la BibliotEqua, uno dei punti lettura della Biblioteca Diffusa di Trieste, un progetto coordinato dal comune di Trieste che vuole favorire la condivisione e lo scambio dei patrimoni librari, grandi e piccoli, custoditi in molte realt\u00e0 della nostra citt\u00e0. Dal nostro&nbsp;<a href=\"https:\/\/www.biblioest.it\/SebinaOpac\/query\/bq%20KF_BIBVIRT:tsa$u329?bib=TSAU3&amp;context=catalogo&amp;sort=Anno\" target=\"_blank\" rel=\"noreferrer noopener\">catalogo<\/a>&nbsp;\u00e8 possibile accedere al prestito dei libri che \u00e8 gratuito&nbsp;e vi si accede con la stessa tessera di prestito del Polo TSA. Il prestito dei libri dura 31 giorni e pu\u00f2 essere prorogato 2 volte. La Bibliotequa \u00e8 accessibile negli orari di apertura della Bottega del Mondo.<\/p>\n\n\n\n<p>In BibliotEqua \u00e8 attivo un gruppo lettura denominato &#8220;La Bottega dei Libri&#8221;.<\/p>\n\n\n\n<p>Per informazioni e contatti: <a href=\"mailto:culturale@senzaconfinitrieste.org\">culturale@senzaconfinitrieste.org<\/a><\/p>\n<\/div>\n<\/div>\n\n\n\n<div class=\"wp-block-columns is-layout-flex wp-container-core-columns-is-layout-9d6595d7 wp-block-columns-is-layout-flex\">\n<div class=\"wp-block-column is-layout-flow wp-block-column-is-layout-flow\">\n<h2 class=\"wp-block-heading\" id=\"radio\"><strong><strong>Il commercio equo in radio<\/strong><\/strong><\/h2>\n\n\n<div class=\"wp-block-image\">\n<figure class=\"alignleft size-large\"><img loading=\"lazy\" decoding=\"async\" width=\"1024\" height=\"768\" src=\"https:\/\/senzaconfinitrieste.org\/wp-content\/uploads\/2021\/05\/NMCO1232-1024x768.jpg\" alt=\"\" class=\"wp-image-486\" srcset=\"https:\/\/senzaconfinitrieste.org\/wp-content\/uploads\/2021\/05\/NMCO1232-1024x768.jpg 1024w, https:\/\/senzaconfinitrieste.org\/wp-content\/uploads\/2021\/05\/NMCO1232-300x225.jpg 300w, https:\/\/senzaconfinitrieste.org\/wp-content\/uploads\/2021\/05\/NMCO1232-768x576.jpg 768w, https:\/\/senzaconfinitrieste.org\/wp-content\/uploads\/2021\/05\/NMCO1232-1100x825.jpg 1100w, https:\/\/senzaconfinitrieste.org\/wp-content\/uploads\/2021\/05\/NMCO1232.jpg 2000w\" sizes=\"auto, (max-width: 1024px) 100vw, 1024px\" \/><\/figure><\/div><\/div>\n\n\n\n<div class=\"wp-block-column is-layout-flow wp-block-column-is-layout-flow\">\n<p>Abbiamo realizzato due stagioni \u201cScollinando\u201d, trasmissione di approfondimento del commercio equo e solidale con il contributo di ospiti esperti. Le puntate, andate in onda su Radio Fragola <a href=\"https:\/\/senzaconfinitrieste.org\/index.php\/in-onda\/\"><strong><em>sono ascoltabili qui<\/em><\/strong><\/a>.<\/p>\n<\/div>\n<\/div>\n\n\n\n<p><\/p>\n","protected":false},"excerpt":{"rendered":"<p>Volontarie e Volontari in Bottega del Mondo&nbsp; La Bottega del Mondo \u00e8&nbsp;la casa del Commercio Equo e Solidale.&nbsp; E&#8217; il&nbsp;luogo dove&nbsp;le persone possono entrare in contatto con storie, valori ed esperienze da tutto il mondo e toccare con mano prodotti che parlano di sostenibilit\u00e0 sociale e ambientale.&nbsp;Ci piace ricordare che tutto ci\u00f2 che si trova &hellip; <a href=\"https:\/\/senzaconfinitrieste.org\/index.php\/cosa-facciamo\/\" class=\"more-link\">Continua a leggere <span class=\"screen-reader-text\"><\/span> <span class=\"meta-nav\">\t<\/span><\/a><\/p>\n","protected":false},"author":1,"featured_media":0,"parent":0,"menu_order":0,"comment_status":"closed","ping_status":"closed","template":"","meta":{"footnotes":""},"class_list":["post-966","page","type-page","status-publish","hentry"],"_links":{"self":[{"href":"https:\/\/senzaconfinitrieste.org\/index.php\/wp-json\/wp\/v2\/pages\/966","targetHints":{"allow":["GET"]}}],"collection":[{"href":"https:\/\/senzaconfinitrieste.org\/index.php\/wp-json\/wp\/v2\/pages"}],"about":[{"href":"https:\/\/senzaconfinitrieste.org\/index.php\/wp-json\/wp\/v2\/types\/page"}],"author":[{"embeddable":true,"href":"https:\/\/senzaconfinitrieste.org\/index.php\/wp-json\/wp\/v2\/users\/1"}],"replies":[{"embeddable":true,"href":"https:\/\/senzaconfinitrieste.org\/index.php\/wp-json\/wp\/v2\/comments?post=966"}],"version-history":[{"count":11,"href":"https:\/\/senzaconfinitrieste.org\/index.php\/wp-json\/wp\/v2\/pages\/966\/revisions"}],"predecessor-version":[{"id":1048,"href":"https:\/\/senzaconfinitrieste.org\/index.php\/wp-json\/wp\/v2\/pages\/966\/revisions\/1048"}],"wp:attachment":[{"href":"https:\/\/senzaconfinitrieste.org\/index.php\/wp-json\/wp\/v2\/media?parent=966"}],"curies":[{"name":"wp","href":"https:\/\/api.w.org\/{rel}","templated":true}]}}